{"id":11,"date":"2023-09-17T11:05:58","date_gmt":"2023-09-17T09:05:58","guid":{"rendered":"http:\/\/abeirsilence-voyage.com\/?page_id=11"},"modified":"2023-09-18T00:08:02","modified_gmt":"2023-09-17T22:08:02","slug":"lagence","status":"publish","type":"page","link":"https:\/\/abeirsilence-voyage.com\/?page_id=11","title":{"rendered":"L\u2019AGENCE"},"content":{"rendered":"\t\t<div data-elementor-type=\"wp-page\" data-elementor-id=\"11\" class=\"elementor elementor-11\">\n\t\t\t\t\t\t\t<div class=\"elementor-element elementor-element-6032912 e-flex e-con-boxed e-con e-parent\" data-id=\"6032912\" data-element_type=\"container\" data-settings=\"{&quot;content_width&quot;:&quot;boxed&quot;}\" data-core-v316-plus=\"true\">\n\t\t\t\t\t<div class=\"e-con-inner\">\n\t\t\t\t<div class=\"elementor-element elementor-element-5abf4b5 elementor-widget elementor-widget-heading\" data-id=\"5abf4b5\" data-element_type=\"widget\" data-widget_type=\"heading.default\">\n\t\t\t\t<div class=\"elementor-widget-container\">\n\t\t\t<style>\/*! elementor - v3.16.0 - 14-09-2023 *\/\n.elementor-heading-title{padding:0;margin:0;line-height:1}.elementor-widget-heading .elementor-heading-title[class*=elementor-size-]>a{color:inherit;font-size:inherit;line-height:inherit}.elementor-widget-heading .elementor-heading-title.elementor-size-small{font-size:15px}.elementor-widget-heading .elementor-heading-title.elementor-size-medium{font-size:19px}.elementor-widget-heading .elementor-heading-title.elementor-size-large{font-size:29px}.elementor-widget-heading .elementor-heading-title.elementor-size-xl{font-size:39px}.elementor-widget-heading .elementor-heading-title.elementor-size-xxl{font-size:59px}<\/style><h2 class=\"elementor-heading-title elementor-size-default\">Abeir Silence pour le Voyage<\/h2>\t\t<\/div>\n\t\t\t\t<\/div>\n\t\t\t\t\t<\/div>\n\t\t\t\t<\/div>\n\t\t<div class=\"elementor-element elementor-element-0114e17 e-flex e-con-boxed e-con e-parent\" data-id=\"0114e17\" data-element_type=\"container\" data-settings=\"{&quot;content_width&quot;:&quot;boxed&quot;}\" data-core-v316-plus=\"true\">\n\t\t\t\t\t<div class=\"e-con-inner\">\n\t\t\t\t<div class=\"elementor-element elementor-element-10dbb62 elementor-widget elementor-widget-ucaddon_split_hero\" data-id=\"10dbb62\" data-element_type=\"widget\" data-widget_type=\"ucaddon_split_hero.default\">\n\t\t\t\t<div class=\"elementor-widget-container\">\n\t\t\t<!-- start Split Hero -->\n\t\t<link id='font-awesome-css' href='https:\/\/abeirsilence-voyage.com\/wp-content\/plugins\/unlimited-elements-for-elementor\/assets_libraries\/font-awesome5\/css\/fontawesome-all.min.css' type='text\/css' rel='stylesheet' >\n\t\t<link id='font-awesome-4-shim-css' href='https:\/\/abeirsilence-voyage.com\/wp-content\/plugins\/unlimited-elements-for-elementor\/assets_libraries\/font-awesome5\/css\/fontawesome-v4-shims.css' type='text\/css' rel='stylesheet' >\n\n\t\t\t<style type=\"text\/css\">\/* widget: Split Hero *\/\n\n#uc_split_hero_elementor_10dbb62 *{\n\tbox-sizing: border-box;\n}\n#uc_split_hero_elementor_10dbb62\n{\n\tposition:relative;\n\toverflow:hidden;\n\tclear:both;\n    display:flex;\n}\n\n.uc_title\n{\n  font-size:32px;\n}\n\n#uc_split_hero_elementor_10dbb62 .uc_btn\n{\n  display:inline-block;\n  text-decoration:none;\n  text-align:center;\n}\n\n#uc_split_hero_elementor_10dbb62 .uc_container_left\n{\n  flex-grow: 1;\n}\n\n#uc_split_hero_elementor_10dbb62 .uc_container_left\n{\n    display:flex;\n}\n\n#uc_split_hero_elementor_10dbb62 .uc_container_left .uc_container_holder{\n\n  \n}\n#uc_split_hero_elementor_10dbb62 a.uc_logo{\n\tdisplay:block;\n    text-decoration:none;\n}\n\n\n #uc_split_hero_elementor_10dbb62 .uc_container_right {\n\tbackground-size:cover;\n    background-position:center;\n    background-blend-mode: normal;\n   flex-shrink: 0;\n}\n\n\n@media only screen and (max-width: 420px) {\n#uc_split_hero_elementor_10dbb62 .uc_container_right\n{\n  width:100%;\n}\n    #uc_split_hero_elementor_10dbb62 .uc_container_left\n{\n  width:100%;\n}\n\n}\n\n<\/style>\n\n\t\t\t<div class=\"uc_business_header ue-hero\" id=\"uc_split_hero_elementor_10dbb62\">\n    <div class=\"uc_container_right\" style=\"background-image:url(https:\/\/abeirsilence-voyage.com\/wp-content\/uploads\/2023\/09\/0000.jpg);\">\n    \t\n    <\/div>\n    \n    <div class=\"uc_container_left\">\n        <div class=\"uc_container_holder\">\t\n\n        \t<a class=\"uc_logo\" href=\"#\" ><img decoding=\"async\" src=\"\" alt=\"\" title=\"\"><\/a>            <div class=\"uc_subtitle\">AVANTAGES DE <\/div>            <div class=\"uc_title\">NOTRE AGENCE<\/div>                        <div class=\"uc_paragraph uc_text\">Agence de voyage disposant de toutes les assurances et garanties obligatoires, enregistr\u00e9e au Minist\u00e8re du Tourisme Mauritanien<\/div>            <div><a href=\"#\" id=\"\" class=\"uc_portfolio uc_btn elementor-repeater-item-a9d3970\" ><\/a>\n<\/div>        <\/div>\n    <\/div>\n<\/div>\n\t\t\t<!-- end Split Hero -->\t\t<\/div>\n\t\t\t\t<\/div>\n\t\t\t\t\t<\/div>\n\t\t\t\t<\/div>\n\t\t<div class=\"elementor-element elementor-element-d65d12a e-flex e-con-boxed e-con e-parent\" data-id=\"d65d12a\" data-element_type=\"container\" data-settings=\"{&quot;content_width&quot;:&quot;boxed&quot;}\" data-core-v316-plus=\"true\">\n\t\t\t\t\t<div class=\"e-con-inner\">\n\t\t\t\t<div class=\"elementor-element elementor-element-5e4a007 elementor-widget elementor-widget-heading\" data-id=\"5e4a007\" data-element_type=\"widget\" data-widget_type=\"heading.default\">\n\t\t\t\t<div class=\"elementor-widget-container\">\n\t\t\t<h5 class=\"elementor-heading-title elementor-size-default\">Notre passion est de vous faire d\u00e9couvrir le pays et vous r\u00e9v\u00e9ler tous les secrets enfouis de la Mauritanie<\/h5>\t\t<\/div>\n\t\t\t\t<\/div>\n\t\t\t\t\t<\/div>\n\t\t\t\t<\/div>\n\t\t<div class=\"elementor-element elementor-element-2bb3ce8 e-flex e-con-boxed e-con e-parent\" data-id=\"2bb3ce8\" data-element_type=\"container\" data-settings=\"{&quot;content_width&quot;:&quot;boxed&quot;}\" data-core-v316-plus=\"true\">\n\t\t\t\t\t<div class=\"e-con-inner\">\n\t\t<div class=\"elementor-element elementor-element-05adb65 e-con-full e-flex e-con e-child\" data-id=\"05adb65\" data-element_type=\"container\" data-settings=\"{&quot;content_width&quot;:&quot;full&quot;}\">\n\t\t\t\t<div class=\"elementor-element elementor-element-53f32b0 elementor-widget elementor-widget-ucaddon_flip_box\" data-id=\"53f32b0\" data-element_type=\"widget\" data-widget_type=\"ucaddon_flip_box.default\">\n\t\t\t\t<div class=\"elementor-widget-container\">\n\t\t\t<!-- start Flip Box -->\n\t\t<link id='uc_ac_assets_file_ue_flipbox_styles_css_12353-css' href='https:\/\/abeirsilence-voyage.com\/wp-content\/uploads\/ac_assets\/uc_flip_box_base\/animations\/ue-flipbox-styles.css' type='text\/css' rel='stylesheet' >\n\n\t\t\t<style type=\"text\/css\">\/* widget: Flip Box *\/\n\n\/* elementor container support *\/\n.e-con-inner>.elementor-widget-ucaddon_flip_box, .e-con>.elementor-widget-ucaddon_flip_box {\n    width: var(--container-widget-width);\n    --flex-grow: var(--container-widget-flex-grow);\n}\n\n#uc_flip_box_elementor_53f32b0 .ue-flip-box__panel.ue-flip-box__panel--front,\n#uc_flip_box_elementor_53f32b0 .ue-flip-box__panel.ue-flip-box__panel--back {\n    backface-visibility: hidden;\n    -webkit-backface-visibility: hidden; \n}\n\n\n#uc_flip_box_elementor_53f32b0 .ue-flip-box__panel--back .ue_btn{\n\tdisplay: inline-block;\n}\n \n\n\t\n\n\n\n\n\n#uc_flip_box_elementor_53f32b0 .ue-flip-box__panel--front-overlay, #uc_flip_box_elementor_53f32b0 .ue-flip-box__panel--back-overlay\n{\n  position:absolute;\n  top:0;\n  bottom:0;\n  right:0;\n  left:0;\n  z-index:-1;\n}\n\n\n\n<\/style>\n\n\t\t\t<div id=\"uc_flip_box_elementor_53f32b0\" class=\"ue-flip-box\" data-id=\"uc_flip_box_elementor_53f32b0\" data-closeonbody='false'>\n  \n      <div class=\"ue-flip-box__container uc-hide ue-flip_left ue-flip-box__container--hover\" tabindex=\"0\">\n      \n    <div class=\"ue-flip-box__panel ue-flip-box__panel--front\">\n      <div class=\"ue-flip-box__panel--front-overlay\"><\/div>\n            <div class=\"ue-flip-box__panel__wrapper\">\n        <div class=\"ue-flip-box__panel__content\">\n                            <div class=\"ue-flip-box__panel__element ue-flip-box__icon\"><i class='fas fa-shoe-prints'><\/i><\/div>                                                       <div class=\"ue-flip-box__panel__element ue-flip-box__title\"><\/div>            <div class=\"ue-flip-box__panel__element ue-flip-box__description\"><p>Le Voyage d'Aventure<\/p><\/div>        <\/div>\n      <\/div>\n    <\/div>\n    \n\n      \n    <div class=\"ue-flip-box__panel ue-flip-box__panel--back\">\n      <div class=\"ue-flip-box__panel--back-overlay\"><\/div>\n            <div class=\"ue-flip-box__panel__wrapper\">\n        <div class=\"ue-flip-box__panel__content\">\n                                                  <div class=\"ue-flip-box__panel__element ue-flip-box__icon\"><\/div>                     <div class=\"ue-flip-box__panel__element ue-flip-box__title\"><\/div>          <div class=\"ue-flip-box__panel__element ue-flip-box__description\"><p>La Mauritanie est une destination pris\u00e9e pour les voyageurs en qu\u00eate d'aventure<\/p><\/div>          <div class=\"ue-flip-box__panel__element ue-flip-box__button\"><a href=\"#\" class=\"ue_btn\" >Learn More<\/a><\/div>        <\/div>\n      <\/div>\n    <\/div>\n    \n  <\/div>\n  \n   \n      \n        \n<\/div>\n\t\t\t<!-- end Flip Box -->\t\t<\/div>\n\t\t\t\t<\/div>\n\t\t\t\t<\/div>\n\t\t<div class=\"elementor-element elementor-element-60dbe76 e-con-full e-flex e-con e-child\" data-id=\"60dbe76\" data-element_type=\"container\" data-settings=\"{&quot;content_width&quot;:&quot;full&quot;}\">\n\t\t\t\t<div class=\"elementor-element elementor-element-07c5cba elementor-widget elementor-widget-ucaddon_flip_box\" data-id=\"07c5cba\" data-element_type=\"widget\" data-widget_type=\"ucaddon_flip_box.default\">\n\t\t\t\t<div class=\"elementor-widget-container\">\n\t\t\t<!-- start Flip Box -->\n\n\t\t\t<style type=\"text\/css\">\/* widget: Flip Box *\/\n\n\/* elementor container support *\/\n.e-con-inner>.elementor-widget-ucaddon_flip_box, .e-con>.elementor-widget-ucaddon_flip_box {\n    width: var(--container-widget-width);\n    --flex-grow: var(--container-widget-flex-grow);\n}\n\n#uc_flip_box_elementor_07c5cba .ue-flip-box__panel.ue-flip-box__panel--front,\n#uc_flip_box_elementor_07c5cba .ue-flip-box__panel.ue-flip-box__panel--back {\n    backface-visibility: hidden;\n    -webkit-backface-visibility: hidden; \n}\n\n\n#uc_flip_box_elementor_07c5cba .ue-flip-box__panel--back .ue_btn{\n\tdisplay: inline-block;\n}\n \n\n\t\n\n\n\n\n\n#uc_flip_box_elementor_07c5cba .ue-flip-box__panel--front-overlay, #uc_flip_box_elementor_07c5cba .ue-flip-box__panel--back-overlay\n{\n  position:absolute;\n  top:0;\n  bottom:0;\n  right:0;\n  left:0;\n  z-index:-1;\n}\n\n\n\n<\/style>\n\n\t\t\t<div id=\"uc_flip_box_elementor_07c5cba\" class=\"ue-flip-box\" data-id=\"uc_flip_box_elementor_07c5cba\" data-closeonbody='false'>\n  \n      <div class=\"ue-flip-box__container uc-hide ue-flip_left ue-flip-box__container--hover\" tabindex=\"0\">\n      \n    <div class=\"ue-flip-box__panel ue-flip-box__panel--front\">\n      <div class=\"ue-flip-box__panel--front-overlay\"><\/div>\n            <div class=\"ue-flip-box__panel__wrapper\">\n        <div class=\"ue-flip-box__panel__content\">\n                            <div class=\"ue-flip-box__panel__element ue-flip-box__icon\"><i class='fas fa-scroll'><\/i><\/div>                                                       <div class=\"ue-flip-box__panel__element ue-flip-box__title\"><\/div>            <div class=\"ue-flip-box__panel__element ue-flip-box__description\"><p>Le Patrimoine Arch\u00e9ologique<\/p><\/div>        <\/div>\n      <\/div>\n    <\/div>\n    \n\n      \n    <div class=\"ue-flip-box__panel ue-flip-box__panel--back\">\n      <div class=\"ue-flip-box__panel--back-overlay\"><\/div>\n            <div class=\"ue-flip-box__panel__wrapper\">\n        <div class=\"ue-flip-box__panel__content\">\n                                                  <div class=\"ue-flip-box__panel__element ue-flip-box__icon\"><\/div>                     <div class=\"ue-flip-box__panel__element ue-flip-box__title\"><\/div>          <div class=\"ue-flip-box__panel__element ue-flip-box__description\"><p>La Mauritanie poss\u00e8de des sites arch\u00e9ologiques int\u00e9ressants, notamment les gravures rupestres de l'Adrar, qui datent de milliers d'ann\u00e9es.<\/p><\/div>          <div class=\"ue-flip-box__panel__element ue-flip-box__button\"><a href=\"#\" class=\"ue_btn\" >Learn More<\/a><\/div>        <\/div>\n      <\/div>\n    <\/div>\n    \n  <\/div>\n  \n   \n      \n        \n<\/div>\n\t\t\t<!-- end Flip Box -->\t\t<\/div>\n\t\t\t\t<\/div>\n\t\t\t\t<\/div>\n\t\t<div class=\"elementor-element elementor-element-36ef56e e-con-full e-flex e-con e-child\" data-id=\"36ef56e\" data-element_type=\"container\" data-settings=\"{&quot;content_width&quot;:&quot;full&quot;}\">\n\t\t\t\t<div class=\"elementor-element elementor-element-9b05b69 elementor-widget elementor-widget-ucaddon_flip_box\" data-id=\"9b05b69\" data-element_type=\"widget\" data-widget_type=\"ucaddon_flip_box.default\">\n\t\t\t\t<div class=\"elementor-widget-container\">\n\t\t\t<!-- start Flip Box -->\n\n\t\t\t<style type=\"text\/css\">\/* widget: Flip Box *\/\n\n\/* elementor container support *\/\n.e-con-inner>.elementor-widget-ucaddon_flip_box, .e-con>.elementor-widget-ucaddon_flip_box {\n    width: var(--container-widget-width);\n    --flex-grow: var(--container-widget-flex-grow);\n}\n\n#uc_flip_box_elementor_9b05b69 .ue-flip-box__panel.ue-flip-box__panel--front,\n#uc_flip_box_elementor_9b05b69 .ue-flip-box__panel.ue-flip-box__panel--back {\n    backface-visibility: hidden;\n    -webkit-backface-visibility: hidden; \n}\n\n\n#uc_flip_box_elementor_9b05b69 .ue-flip-box__panel--back .ue_btn{\n\tdisplay: inline-block;\n}\n \n\n\t\n\n\n\n\n\n#uc_flip_box_elementor_9b05b69 .ue-flip-box__panel--front-overlay, #uc_flip_box_elementor_9b05b69 .ue-flip-box__panel--back-overlay\n{\n  position:absolute;\n  top:0;\n  bottom:0;\n  right:0;\n  left:0;\n  z-index:-1;\n}\n\n\n\n<\/style>\n\n\t\t\t<div id=\"uc_flip_box_elementor_9b05b69\" class=\"ue-flip-box\" data-id=\"uc_flip_box_elementor_9b05b69\" data-closeonbody='false'>\n  \n      <div class=\"ue-flip-box__container uc-hide ue-flip_left ue-flip-box__container--hover\" tabindex=\"0\">\n      \n    <div class=\"ue-flip-box__panel ue-flip-box__panel--front\">\n      <div class=\"ue-flip-box__panel--front-overlay\"><\/div>\n            <div class=\"ue-flip-box__panel__wrapper\">\n        <div class=\"ue-flip-box__panel__content\">\n                            <div class=\"ue-flip-box__panel__element ue-flip-box__icon\"><i class='fas fa-book'><\/i><\/div>                                                       <div class=\"ue-flip-box__panel__element ue-flip-box__title\"><\/div>            <div class=\"ue-flip-box__panel__element ue-flip-box__description\"><p>Culture mauritanienne<\/p><\/div>        <\/div>\n      <\/div>\n    <\/div>\n    \n\n      \n    <div class=\"ue-flip-box__panel ue-flip-box__panel--back\">\n      <div class=\"ue-flip-box__panel--back-overlay\"><\/div>\n            <div class=\"ue-flip-box__panel__wrapper\">\n        <div class=\"ue-flip-box__panel__content\">\n                                                  <div class=\"ue-flip-box__panel__element ue-flip-box__icon\"><\/div>                     <div class=\"ue-flip-box__panel__element ue-flip-box__title\"><\/div>          <div class=\"ue-flip-box__panel__element ue-flip-box__description\"><p>vous pouvez y d\u00e9couvrir une culture riche et unique.<\/p><\/div>          <div class=\"ue-flip-box__panel__element ue-flip-box__button\"><a href=\"#\" class=\"ue_btn\" >Learn More<\/a><\/div>        <\/div>\n      <\/div>\n    <\/div>\n    \n  <\/div>\n  \n   \n      \n        \n<\/div>\n\t\t\t<!-- end Flip Box -->\t\t<\/div>\n\t\t\t\t<\/div>\n\t\t\t\t<\/div>\n\t\t<div class=\"elementor-element elementor-element-5a97b12 e-con-full e-flex e-con e-child\" data-id=\"5a97b12\" data-element_type=\"container\" data-settings=\"{&quot;content_width&quot;:&quot;full&quot;}\">\n\t\t\t\t<div class=\"elementor-element elementor-element-85e1e05 elementor-widget elementor-widget-ucaddon_flip_box\" data-id=\"85e1e05\" data-element_type=\"widget\" data-widget_type=\"ucaddon_flip_box.default\">\n\t\t\t\t<div class=\"elementor-widget-container\">\n\t\t\t<!-- start Flip Box -->\n\n\t\t\t<style type=\"text\/css\">\/* widget: Flip Box *\/\n\n\/* elementor container support *\/\n.e-con-inner>.elementor-widget-ucaddon_flip_box, .e-con>.elementor-widget-ucaddon_flip_box {\n    width: var(--container-widget-width);\n    --flex-grow: var(--container-widget-flex-grow);\n}\n\n#uc_flip_box_elementor_85e1e05 .ue-flip-box__panel.ue-flip-box__panel--front,\n#uc_flip_box_elementor_85e1e05 .ue-flip-box__panel.ue-flip-box__panel--back {\n    backface-visibility: hidden;\n    -webkit-backface-visibility: hidden; \n}\n\n\n#uc_flip_box_elementor_85e1e05 .ue-flip-box__panel--back .ue_btn{\n\tdisplay: inline-block;\n}\n \n\n\t\n\n\n\n\n\n#uc_flip_box_elementor_85e1e05 .ue-flip-box__panel--front-overlay, #uc_flip_box_elementor_85e1e05 .ue-flip-box__panel--back-overlay\n{\n  position:absolute;\n  top:0;\n  bottom:0;\n  right:0;\n  left:0;\n  z-index:-1;\n}\n\n\n\n<\/style>\n\n\t\t\t<div id=\"uc_flip_box_elementor_85e1e05\" class=\"ue-flip-box\" data-id=\"uc_flip_box_elementor_85e1e05\" data-closeonbody='false'>\n  \n      <div class=\"ue-flip-box__container uc-hide ue-flip_left ue-flip-box__container--hover\" tabindex=\"0\">\n      \n    <div class=\"ue-flip-box__panel ue-flip-box__panel--front\">\n      <div class=\"ue-flip-box__panel--front-overlay\"><\/div>\n            <div class=\"ue-flip-box__panel__wrapper\">\n        <div class=\"ue-flip-box__panel__content\">\n                            <div class=\"ue-flip-box__panel__element ue-flip-box__icon\"><i class='fas fa-walking'><\/i><\/div>                                                       <div class=\"ue-flip-box__panel__element ue-flip-box__title\"><\/div>            <div class=\"ue-flip-box__panel__element ue-flip-box__description\"><p>Le D\u00e9sert du Sahara<\/p><\/div>        <\/div>\n      <\/div>\n    <\/div>\n    \n\n      \n    <div class=\"ue-flip-box__panel ue-flip-box__panel--back\">\n      <div class=\"ue-flip-box__panel--back-overlay\"><\/div>\n            <div class=\"ue-flip-box__panel__wrapper\">\n        <div class=\"ue-flip-box__panel__content\">\n                                                  <div class=\"ue-flip-box__panel__element ue-flip-box__icon\"><\/div>                     <div class=\"ue-flip-box__panel__element ue-flip-box__title\"><\/div>          <div class=\"ue-flip-box__panel__element ue-flip-box__description\"><p>Une grande partie de la Mauritanie est couverte par le d\u00e9sert du Sahara, offrant aux voyageurs une exp\u00e9rience unique de paysages d\u00e9sertiques.<\/p><\/div>          <div class=\"ue-flip-box__panel__element ue-flip-box__button\"><a href=\"#\" class=\"ue_btn\" >Learn More<\/a><\/div>        <\/div>\n      <\/div>\n    <\/div>\n    \n  <\/div>\n  \n   \n      \n        \n<\/div>\n\t\t\t<!-- end Flip Box -->\t\t<\/div>\n\t\t\t\t<\/div>\n\t\t\t\t<\/div>\n\t\t\t\t\t<\/div>\n\t\t\t\t<\/div>\n\t\t\t\t\t\t\t<\/div>\n\t\t","protected":false},"excerpt":{"rendered":"<p>Abeir Silence pour le Voyage AVANTAGES DE NOTRE AGENCE Agence de voyage disposant de toutes les assurances et garanties obligatoires, enregistr\u00e9e au Minist\u00e8re du Tourisme Mauritanien Notre passion est de vous faire d\u00e9couvrir le pays et vous r\u00e9v\u00e9ler tous les secrets enfouis de la Mauritanie Le Voyage d&rsquo;Aventure La Mauritanie est une destination pris\u00e9e pour [&hellip;]<\/p>\n","protected":false},"author":1,"featured_media":0,"parent":0,"menu_order":0,"comment_status":"closed","ping_status":"closed","template":"elementor_header_footer","meta":{"footnotes":""},"_links":{"self":[{"href":"https:\/\/abeirsilence-voyage.com\/index.php?rest_route=\/wp\/v2\/pages\/11"}],"collection":[{"href":"https:\/\/abeirsilence-voyage.com\/index.php?rest_route=\/wp\/v2\/pages"}],"about":[{"href":"https:\/\/abeirsilence-voyage.com\/index.php?rest_route=\/wp\/v2\/types\/page"}],"author":[{"embeddable":true,"href":"https:\/\/abeirsilence-voyage.com\/index.php?rest_route=\/wp\/v2\/users\/1"}],"replies":[{"embeddable":true,"href":"https:\/\/abeirsilence-voyage.com\/index.php?rest_route=%2Fwp%2Fv2%2Fcomments&post=11"}],"version-history":[{"count":31,"href":"https:\/\/abeirsilence-voyage.com\/index.php?rest_route=\/wp\/v2\/pages\/11\/revisions"}],"predecessor-version":[{"id":161,"href":"https:\/\/abeirsilence-voyage.com\/index.php?rest_route=\/wp\/v2\/pages\/11\/revisions\/161"}],"wp:attachment":[{"href":"https:\/\/abeirsilence-voyage.com\/index.php?rest_route=%2Fwp%2Fv2%2Fmedia&parent=11"}],"curies":[{"name":"wp","href":"https:\/\/api.w.org\/{rel}","templated":true}]}}