{"id":9,"date":"2023-09-17T11:05:10","date_gmt":"2023-09-17T09:05:10","guid":{"rendered":"http:\/\/abeirsilence-voyage.com\/?page_id=9"},"modified":"2023-09-17T13:50:10","modified_gmt":"2023-09-17T11:50:10","slug":"accueil","status":"publish","type":"page","link":"https:\/\/abeirsilence-voyage.com\/","title":{"rendered":"ACCUEIL"},"content":{"rendered":"\t\t<div data-elementor-type=\"wp-page\" data-elementor-id=\"9\" class=\"elementor elementor-9\">\n\t\t\t\t\t\t\t<div class=\"elementor-element elementor-element-c116851 e-flex e-con-boxed e-con e-parent\" data-id=\"c116851\" data-element_type=\"container\" data-settings=\"{&quot;content_width&quot;:&quot;boxed&quot;}\" data-core-v316-plus=\"true\">\n\t\t\t\t\t<div class=\"e-con-inner\">\n\t\t\t\t<div class=\"elementor-element elementor-element-ffe6c68 elementor-align-center bdt-navigation-type-arrows elementor-widget elementor-widget-bdt-slider\" data-id=\"ffe6c68\" data-element_type=\"widget\" data-widget_type=\"bdt-slider.default\">\n\t\t\t\t<div class=\"elementor-widget-container\">\n\t\t\t\t\t<div id=\"bdt-slider-ffe6c68\" class=\"bdt-slider bdt-arrows-align-center\" data-settings=\"{&quot;autoplay&quot;:{&quot;delay&quot;:5000},&quot;loop&quot;:true,&quot;speed&quot;:500,&quot;effect&quot;:&quot;slide&quot;,&quot;navigation&quot;:{&quot;nextEl&quot;:&quot;#bdt-slider-ffe6c68 .bdt-navigation-next&quot;,&quot;prevEl&quot;:&quot;#bdt-slider-ffe6c68 .bdt-navigation-prev&quot;},&quot;pagination&quot;:{&quot;el&quot;:&quot;#bdt-slider-ffe6c68 .swiper-pagination&quot;,&quot;type&quot;:&quot;&quot;,&quot;clickable&quot;:&quot;true&quot;,&quot;dynamicBullets&quot;:false},&quot;scrollbar&quot;:{&quot;el&quot;:&quot;#bdt-slider-ffe6c68 .swiper-scrollbar&quot;,&quot;hide&quot;:&quot;true&quot;}}\">\r\n\t\t\t<div class=\"swiper-carousel swiper\">\r\n\t\t\t\t\t\t<div class=\"swiper-wrapper\">\r\n\t\t\t\t\t\t\r\n\t\t\t\t\t\t\t\t<div class=\"bdt-slide-item swiper-slide left\">\r\n\r\n\t\t\t\t\t\r\n\t\t\t\t\t\t\t\t\t\t\t\t\t<div class=\"bdt-slider-image-wrapper\">\r\n\t\t\t\t\t\t\t\t<img loading=\"lazy\" width=\"1600\" height=\"1200\" src=\"https:\/\/abeirsilence-voyage.com\/wp-content\/uploads\/2023\/09\/Photo-217.jpg\" class=\"bdt-cover\" alt=\"Culture mauritanienne\" decoding=\"async\" data-bdt-cover=\"1\" srcset=\"https:\/\/abeirsilence-voyage.com\/wp-content\/uploads\/2023\/09\/Photo-217.jpg 1600w, https:\/\/abeirsilence-voyage.com\/wp-content\/uploads\/2023\/09\/Photo-217-300x225.jpg 300w, https:\/\/abeirsilence-voyage.com\/wp-content\/uploads\/2023\/09\/Photo-217-1024x768.jpg 1024w, https:\/\/abeirsilence-voyage.com\/wp-content\/uploads\/2023\/09\/Photo-217-768x576.jpg 768w, https:\/\/abeirsilence-voyage.com\/wp-content\/uploads\/2023\/09\/Photo-217-1536x1152.jpg 1536w\" sizes=\"(max-width: 1600px) 100vw, 1600px\" \/>\t\t\t\t\t\t\t<\/div>\r\n\t\t\t\t\t\t\r\n\t\t\t\t\t\t<div class=\"bdt-slide-desc bdt-position-large bdt-position-center bdt-position-z-index\">\r\n\r\n\t\t\t\t\t\t\t\t\t\t\t\t\t\t\t<h2 class=\"bdt-slide-title bdt-clearfix\">\r\n\t\t\t\t\t\t\t\t\tCulture mauritanienne\t\t\t\t\t\t\t\t<\/h2>\r\n\t\t\t\t\t\t\t\r\n\t\t\t\t\t\t\t\t\t\t\t\t\t\t\t<div class=\"bdt-slide-text\"><p>vous pouvez y d\u00e9couvrir une culture riche et unique.<\/p><\/div>\r\n\t\t\t\t\t\t\t\r\n\t\t\t\t\t\t\t\t\t\t\t\t\t<\/div>\r\n\r\n\t\t\t\t\t\r\n\t\t\t\t<\/div>\r\n\t\t\t\r\n\t\t\t\t\t\t\t\t<div class=\"bdt-slide-item swiper-slide left\">\r\n\r\n\t\t\t\t\t\r\n\t\t\t\t\t\t\t\t\t\t\t\t\t<div class=\"bdt-slider-image-wrapper\">\r\n\t\t\t\t\t\t\t\t<img loading=\"lazy\" width=\"1600\" height=\"1200\" src=\"https:\/\/abeirsilence-voyage.com\/wp-content\/uploads\/2023\/09\/Photo-170.jpg\" class=\"bdt-cover\" alt=\"Le Patrimoine Arch\u00e9ologique\" decoding=\"async\" data-bdt-cover=\"1\" srcset=\"https:\/\/abeirsilence-voyage.com\/wp-content\/uploads\/2023\/09\/Photo-170.jpg 1600w, https:\/\/abeirsilence-voyage.com\/wp-content\/uploads\/2023\/09\/Photo-170-300x225.jpg 300w, https:\/\/abeirsilence-voyage.com\/wp-content\/uploads\/2023\/09\/Photo-170-1024x768.jpg 1024w, https:\/\/abeirsilence-voyage.com\/wp-content\/uploads\/2023\/09\/Photo-170-768x576.jpg 768w, https:\/\/abeirsilence-voyage.com\/wp-content\/uploads\/2023\/09\/Photo-170-1536x1152.jpg 1536w\" sizes=\"(max-width: 1600px) 100vw, 1600px\" \/>\t\t\t\t\t\t\t<\/div>\r\n\t\t\t\t\t\t\r\n\t\t\t\t\t\t<div class=\"bdt-slide-desc bdt-position-large bdt-position-center bdt-position-z-index\">\r\n\r\n\t\t\t\t\t\t\t\t\t\t\t\t\t\t\t<h2 class=\"bdt-slide-title bdt-clearfix\">\r\n\t\t\t\t\t\t\t\t\tLe Patrimoine Arch\u00e9ologique\t\t\t\t\t\t\t\t<\/h2>\r\n\t\t\t\t\t\t\t\r\n\t\t\t\t\t\t\t\t\t\t\t\t\t\t\t<div class=\"bdt-slide-text\"><p>La Mauritanie poss\u00e8de des sites arch\u00e9ologiques int\u00e9ressants, notamment les gravures rupestres de l&rsquo;Adrar, qui datent de milliers d&rsquo;ann\u00e9es.<\/p><\/div>\r\n\t\t\t\t\t\t\t\r\n\t\t\t\t\t\t\t\t\t\t\t\t\t<\/div>\r\n\r\n\t\t\t\t\t\r\n\t\t\t\t<\/div>\r\n\t\t\t\r\n\t\t\t\t\t\t\t\t<div class=\"bdt-slide-item swiper-slide left\">\r\n\r\n\t\t\t\t\t\r\n\t\t\t\t\t\t\t\t\t\t\t\t\t<div class=\"bdt-slider-image-wrapper\">\r\n\t\t\t\t\t\t\t\t<img loading=\"lazy\" width=\"1600\" height=\"1200\" src=\"https:\/\/abeirsilence-voyage.com\/wp-content\/uploads\/2023\/09\/555.jpg\" class=\"bdt-cover\" alt=\"Le D\u00e9sert du Sahara \" decoding=\"async\" data-bdt-cover=\"1\" srcset=\"https:\/\/abeirsilence-voyage.com\/wp-content\/uploads\/2023\/09\/555.jpg 1600w, https:\/\/abeirsilence-voyage.com\/wp-content\/uploads\/2023\/09\/555-300x225.jpg 300w, https:\/\/abeirsilence-voyage.com\/wp-content\/uploads\/2023\/09\/555-1024x768.jpg 1024w, https:\/\/abeirsilence-voyage.com\/wp-content\/uploads\/2023\/09\/555-768x576.jpg 768w, https:\/\/abeirsilence-voyage.com\/wp-content\/uploads\/2023\/09\/555-1536x1152.jpg 1536w\" sizes=\"(max-width: 1600px) 100vw, 1600px\" \/>\t\t\t\t\t\t\t<\/div>\r\n\t\t\t\t\t\t\r\n\t\t\t\t\t\t<div class=\"bdt-slide-desc bdt-position-large bdt-position-center bdt-position-z-index\">\r\n\r\n\t\t\t\t\t\t\t\t\t\t\t\t\t\t\t<h2 class=\"bdt-slide-title bdt-clearfix\">\r\n\t\t\t\t\t\t\t\t\tLe D\u00e9sert du Sahara \t\t\t\t\t\t\t\t<\/h2>\r\n\t\t\t\t\t\t\t\r\n\t\t\t\t\t\t\t\t\t\t\t\t\t\t\t<div class=\"bdt-slide-text\"><p>Une grande partie de la Mauritanie est couverte par le d\u00e9sert du Sahara, offrant aux voyageurs une exp\u00e9rience unique de paysages d\u00e9sertiques.<\/p><\/div>\r\n\t\t\t\t\t\t\t\r\n\t\t\t\t\t\t\t\t\t\t\t\t\t<\/div>\r\n\r\n\t\t\t\t\t\r\n\t\t\t\t<\/div>\r\n\t\t\t\r\n\t\t\t\t\t\t\t\t<div class=\"bdt-slide-item swiper-slide left\">\r\n\r\n\t\t\t\t\t\r\n\t\t\t\t\t\t\t\t\t\t\t\t\t<div class=\"bdt-slider-image-wrapper\">\r\n\t\t\t\t\t\t\t\t<img loading=\"lazy\" width=\"798\" height=\"345\" src=\"https:\/\/abeirsilence-voyage.com\/wp-content\/uploads\/2023\/09\/444.jpg\" class=\"bdt-cover\" alt=\"Le Voyage d&#039;Aventure\" decoding=\"async\" data-bdt-cover=\"1\" srcset=\"https:\/\/abeirsilence-voyage.com\/wp-content\/uploads\/2023\/09\/444.jpg 798w, https:\/\/abeirsilence-voyage.com\/wp-content\/uploads\/2023\/09\/444-300x130.jpg 300w, https:\/\/abeirsilence-voyage.com\/wp-content\/uploads\/2023\/09\/444-768x332.jpg 768w\" sizes=\"(max-width: 798px) 100vw, 798px\" \/>\t\t\t\t\t\t\t<\/div>\r\n\t\t\t\t\t\t\r\n\t\t\t\t\t\t<div class=\"bdt-slide-desc bdt-position-large bdt-position-center bdt-position-z-index\">\r\n\r\n\t\t\t\t\t\t\t\t\t\t\t\t\t\t\t<h2 class=\"bdt-slide-title bdt-clearfix\">\r\n\t\t\t\t\t\t\t\t\tLe Voyage d'Aventure\t\t\t\t\t\t\t\t<\/h2>\r\n\t\t\t\t\t\t\t\r\n\t\t\t\t\t\t\t\t\t\t\t\t\t\t\t<div class=\"bdt-slide-text\"><p>La Mauritanie est une destination pris\u00e9e pour les voyageurs en qu\u00eate d&rsquo;aventure<\/p><\/div>\r\n\t\t\t\t\t\t\t\r\n\t\t\t\t\t\t\t\t\t\t\t\t\t\t\t<div class=\"bdt-slide-link-wrapper\">\r\n\t\t\t\t\t\t\t\t\t<a class=\"bdt-slide-link \" href=\"#\" target=\"_blank\">\r\n\r\n\t\t\t\t\t\t\t\t\t\tRead More\r\n\t\t\t\t\t\t\t\t\t\t\t\t\t\t\t\t\t\t\t<\/a>\r\n\t\t\t\t\t\t\t\t<\/div>\r\n\t\t\t\t\t\t\t\t\t\t\t\t\t<\/div>\r\n\r\n\t\t\t\t\t\r\n\t\t\t\t<\/div>\r\n\t\t\t\t\t<\/div>\r\n\t\t\t\t\t\t\t<\/div>\r\n\t\t\t\t\t\t\t\t\t\t\t\t\t\t\t\t<div class=\"bdt-position-z-index bdt-position-center bdt-visible@m\">\r\n\t\t\t\t\t\t<div class=\"bdt-arrows-container bdt-slidenav-container\">\r\n\t\t\t\t\t\t\t<a href=\"\" class=\"bdt-navigation-prev bdt-slidenav-previous bdt-icon bdt-slidenav\">\r\n\t\t\t\t\t\t\t\t<i class=\"ep-icon-arrow-left-0\" aria-hidden=\"true\"><\/i>\r\n\t\t\t\t\t\t\t<\/a>\r\n\t\t\t\t\t\t\t<a href=\"\" class=\"bdt-navigation-next bdt-slidenav-next bdt-icon bdt-slidenav\">\r\n\t\t\t\t\t\t\t\t<i class=\"ep-icon-arrow-right-0\" aria-hidden=\"true\"><\/i>\r\n\t\t\t\t\t\t\t<\/a>\r\n\t\t\t\t\t\t<\/div>\r\n\t\t\t\t\t<\/div>\r\n\t\t\t\t\t\t\t\t\t<\/div>\r\n\r\n\t\t\t<\/div>\n\t\t\t\t<\/div>\n\t\t\t\t\t<\/div>\n\t\t\t\t<\/div>\n\t\t<div class=\"elementor-element elementor-element-0ee75a3 e-flex e-con-boxed e-con e-parent\" data-id=\"0ee75a3\" data-element_type=\"container\" data-settings=\"{&quot;shape_divider_top&quot;:&quot;split&quot;,&quot;content_width&quot;:&quot;boxed&quot;}\" data-core-v316-plus=\"true\">\n\t\t\t\t\t<div class=\"e-con-inner\">\n\t\t\t\t<div class=\"elementor-shape elementor-shape-top\" data-negative=\"false\">\n\t\t\t<svg xmlns=\"http:\/\/www.w3.org\/2000\/svg\" viewBox=\"0 0 1000 20\" preserveAspectRatio=\"none\">\n\t<path class=\"elementor-shape-fill\" d=\"M0,0v3c0,0,393.8,0,483.4,0c9.2,0,16.6,7.4,16.6,16.6c0-9.1,7.4-16.6,16.6-16.6C606.2,3,1000,3,1000,3V0H0z\"\/>\n<\/svg>\t\t<\/div>\n\t\t<div class=\"elementor-element elementor-element-defbbed e-con-full e-flex e-con e-child\" data-id=\"defbbed\" data-element_type=\"container\" data-settings=\"{&quot;content_width&quot;:&quot;full&quot;}\">\n\t\t\t\t<div class=\"elementor-element elementor-element-01dcbf0 elementor-view-default elementor-position-top elementor-mobile-position-top elementor-widget elementor-widget-icon-box\" data-id=\"01dcbf0\" data-element_type=\"widget\" data-widget_type=\"icon-box.default\">\n\t\t\t\t<div class=\"elementor-widget-container\">\n\t\t\t<link rel=\"stylesheet\" href=\"https:\/\/abeirsilence-voyage.com\/wp-content\/plugins\/elementor\/assets\/css\/widget-icon-box.min.css\">\t\t<div class=\"elementor-icon-box-wrapper\">\n\t\t\t\t\t\t<div class=\"elementor-icon-box-icon\">\n\t\t\t\t<span  class=\"elementor-icon elementor-animation-\">\n\t\t\t\t<i aria-hidden=\"true\" class=\"fas fa-thumbs-up\"><\/i>\t\t\t\t<\/span>\n\t\t\t<\/div>\n\t\t\t\t\t\t<div class=\"elementor-icon-box-content\">\n\t\t\t\t<h3 class=\"elementor-icon-box-title\">\n\t\t\t\t\t<span  >\n\t\t\t\t\t\t Qualit\u00e9\t\t\t\t\t<\/span>\n\t\t\t\t<\/h3>\n\t\t\t\t\t\t\t\t\t<p class=\"elementor-icon-box-description\">\n\t\t\t\t\t\tFormules \u00ab \u00e0 la carte \u00bb adapt\u00e9es \u00e0 vos envies, votre profil et votre porte monnaie..\t\t\t\t\t<\/p>\n\t\t\t\t\t\t\t<\/div>\n\t\t<\/div>\n\t\t\t\t<\/div>\n\t\t\t\t<\/div>\n\t\t\t\t<\/div>\n\t\t<div class=\"elementor-element elementor-element-8962702 e-con-full e-flex e-con e-child\" data-id=\"8962702\" data-element_type=\"container\" data-settings=\"{&quot;content_width&quot;:&quot;full&quot;}\">\n\t\t\t\t<div class=\"elementor-element elementor-element-c838153 elementor-view-default elementor-position-top elementor-mobile-position-top elementor-widget elementor-widget-icon-box\" data-id=\"c838153\" data-element_type=\"widget\" data-widget_type=\"icon-box.default\">\n\t\t\t\t<div class=\"elementor-widget-container\">\n\t\t\t\t\t<div class=\"elementor-icon-box-wrapper\">\n\t\t\t\t\t\t<div class=\"elementor-icon-box-icon\">\n\t\t\t\t<span  class=\"elementor-icon elementor-animation-\">\n\t\t\t\t<i aria-hidden=\"true\" class=\"fas fa-user-secret\"><\/i>\t\t\t\t<\/span>\n\t\t\t<\/div>\n\t\t\t\t\t\t<div class=\"elementor-icon-box-content\">\n\t\t\t\t<h3 class=\"elementor-icon-box-title\">\n\t\t\t\t\t<span  >\n\t\t\t\t\t\tS\u00e9curit\u00e9\t\t\t\t\t<\/span>\n\t\t\t\t<\/h3>\n\t\t\t\t\t\t\t\t\t<p class=\"elementor-icon-box-description\">\n\t\t\t\t\t\tLes activit\u00e9s sont propos\u00e9es avec toutes les normes de s\u00e9curit\u00e9 n\u00e9cessaires. Votre s\u00e9curit\u00e9 est notre priorit\u00e9.\t\t\t\t\t<\/p>\n\t\t\t\t\t\t\t<\/div>\n\t\t<\/div>\n\t\t\t\t<\/div>\n\t\t\t\t<\/div>\n\t\t\t\t<\/div>\n\t\t<div class=\"elementor-element elementor-element-a47061c e-con-full e-flex e-con e-child\" data-id=\"a47061c\" data-element_type=\"container\" data-settings=\"{&quot;content_width&quot;:&quot;full&quot;}\">\n\t\t\t\t<div class=\"elementor-element elementor-element-e55b5f9 elementor-view-default elementor-position-top elementor-mobile-position-top elementor-widget elementor-widget-icon-box\" data-id=\"e55b5f9\" data-element_type=\"widget\" data-widget_type=\"icon-box.default\">\n\t\t\t\t<div class=\"elementor-widget-container\">\n\t\t\t\t\t<div class=\"elementor-icon-box-wrapper\">\n\t\t\t\t\t\t<div class=\"elementor-icon-box-icon\">\n\t\t\t\t<span  class=\"elementor-icon elementor-animation-\">\n\t\t\t\t<i aria-hidden=\"true\" class=\"far fa-chart-bar\"><\/i>\t\t\t\t<\/span>\n\t\t\t<\/div>\n\t\t\t\t\t\t<div class=\"elementor-icon-box-content\">\n\t\t\t\t<h3 class=\"elementor-icon-box-title\">\n\t\t\t\t\t<span  >\n\t\t\t\t\t\tExpertise\t\t\t\t\t<\/span>\n\t\t\t\t<\/h3>\n\t\t\t\t\t\t\t\t\t<p class=\"elementor-icon-box-description\">\n\t\t\t\t\t\tNos experts locaux connaissent leur pays comme leur poche et sauront vous indiquer les meilleurs endroits \u00e0 d\u00e9couvrir en Mauritanie.\t\t\t\t\t<\/p>\n\t\t\t\t\t\t\t<\/div>\n\t\t<\/div>\n\t\t\t\t<\/div>\n\t\t\t\t<\/div>\n\t\t\t\t<\/div>\n\t\t<div class=\"elementor-element elementor-element-1b08e5a e-con-full e-flex e-con e-child\" data-id=\"1b08e5a\" data-element_type=\"container\" data-settings=\"{&quot;content_width&quot;:&quot;full&quot;}\">\n\t\t\t\t<div class=\"elementor-element elementor-element-046ec51 elementor-view-default elementor-position-top elementor-mobile-position-top elementor-widget elementor-widget-icon-box\" data-id=\"046ec51\" data-element_type=\"widget\" data-widget_type=\"icon-box.default\">\n\t\t\t\t<div class=\"elementor-widget-container\">\n\t\t\t\t\t<div class=\"elementor-icon-box-wrapper\">\n\t\t\t\t\t\t<div class=\"elementor-icon-box-icon\">\n\t\t\t\t<span  class=\"elementor-icon elementor-animation-\">\n\t\t\t\t<i aria-hidden=\"true\" class=\"far fa-star\"><\/i>\t\t\t\t<\/span>\n\t\t\t<\/div>\n\t\t\t\t\t\t<div class=\"elementor-icon-box-content\">\n\t\t\t\t<h3 class=\"elementor-icon-box-title\">\n\t\t\t\t\t<span  >\n\t\t\t\t\t\t Fid\u00e9lit\u00e9\t\t\t\t\t<\/span>\n\t\t\t\t<\/h3>\n\t\t\t\t\t\t\t\t\t<p class=\"elementor-icon-box-description\">\n\t\t\t\t\t\tAgence valid\u00e9e et aim\u00e9e de nos clients. 100% de nos clients recommandent notre agence.\n\n\t\t\t\t\t<\/p>\n\t\t\t\t\t\t\t<\/div>\n\t\t<\/div>\n\t\t\t\t<\/div>\n\t\t\t\t<\/div>\n\t\t\t\t<\/div>\n\t\t\t\t\t<\/div>\n\t\t\t\t<\/div>\n\t\t\t\t\t\t\t<\/div>\n\t\t","protected":false},"excerpt":{"rendered":"<p>Culture mauritanienne vous pouvez y d\u00e9couvrir une culture riche et unique. Le Patrimoine Arch\u00e9ologique La Mauritanie poss\u00e8de des sites arch\u00e9ologiques int\u00e9ressants, notamment les gravures rupestres de l&rsquo;Adrar, qui datent de milliers d&rsquo;ann\u00e9es. Le D\u00e9sert du Sahara Une grande partie de la Mauritanie est couverte par le d\u00e9sert du Sahara, offrant aux voyageurs une exp\u00e9rience unique [&hellip;]<\/p>\n","protected":false},"author":1,"featured_media":0,"parent":0,"menu_order":0,"comment_status":"closed","ping_status":"closed","template":"elementor_header_footer","meta":{"footnotes":""},"_links":{"self":[{"href":"https:\/\/abeirsilence-voyage.com\/index.php?rest_route=\/wp\/v2\/pages\/9"}],"collection":[{"href":"https:\/\/abeirsilence-voyage.com\/index.php?rest_route=\/wp\/v2\/pages"}],"about":[{"href":"https:\/\/abeirsilence-voyage.com\/index.php?rest_route=\/wp\/v2\/types\/page"}],"author":[{"embeddable":true,"href":"https:\/\/abeirsilence-voyage.com\/index.php?rest_route=\/wp\/v2\/users\/1"}],"replies":[{"embeddable":true,"href":"https:\/\/abeirsilence-voyage.com\/index.php?rest_route=%2Fwp%2Fv2%2Fcomments&post=9"}],"version-history":[{"count":16,"href":"https:\/\/abeirsilence-voyage.com\/index.php?rest_route=\/wp\/v2\/pages\/9\/revisions"}],"predecessor-version":[{"id":64,"href":"https:\/\/abeirsilence-voyage.com\/index.php?rest_route=\/wp\/v2\/pages\/9\/revisions\/64"}],"wp:attachment":[{"href":"https:\/\/abeirsilence-voyage.com\/index.php?rest_route=%2Fwp%2Fv2%2Fmedia&parent=9"}],"curies":[{"name":"wp","href":"https:\/\/api.w.org\/{rel}","templated":true}]}}